{"id":6409,"date":"2020-07-05T19:10:46","date_gmt":"2020-07-05T17:10:46","guid":{"rendered":"https:\/\/mediendesign-moser.at\/shop\/?page_id=6409"},"modified":"2025-03-07T16:52:48","modified_gmt":"2025-03-07T15:52:48","slug":"anleitungen-und-anleitungsvideos","status":"publish","type":"page","link":"https:\/\/mediendesign-moser.at\/shop\/?page_id=6409","title":{"rendered":"&#8211; Anleitungen und Anleitungsvideos {Werbung}"},"content":{"rendered":"<figure class=\"wp-block-embed is-type-video is-provider-youtube wp-block-embed-youtube wp-embed-aspect-16-9 wp-has-aspect-ratio\"><div class=\"wp-block-embed__wrapper\">\n<iframe loading=\"lazy\" title=\"Baby Explosionsbox mit Cricut Maker\" width=\"980\" height=\"551\" src=\"https:\/\/www.youtube.com\/embed\/g8huihK2CI8?feature=oembed\" frameborder=\"0\" allow=\"accelerometer; autoplay; clipboard-write; encrypted-media; gyroscope; picture-in-picture; web-share\" referrerpolicy=\"strict-origin-when-cross-origin\" allowfullscreen><\/iframe>\n<\/div><\/figure><p>In diesem Bereich m\u00f6chte ich Anleitungen und Anleitungsvideos f\u00fcr das Verwenden meiner Schneide Dateien, sowie auch allgemeine Anleitungsvideos zu Schneide Maschinen zur Verf\u00fcgung stellen.<\/p>\n<p>Wenn du noch nie mit meinen Dateien gearbeitet hast, bitte schaue dir das zu deiner Schneidemaschine bzw. Schneidemaschinen-Software passende Video an.<\/p>\n<h3><a href=\"https:\/\/www.youtube.com\/watch?v=X0nu9x5c_GA\" target=\"_blank\" rel=\"noopener\">Video Bastelbogen h\u00e4ndisch ausschneiden direkt in YouTube aufrufen<\/a><\/h3>\n<p><a href=\"https:\/\/amzn.to\/3EXjQcy\" target=\"_blank\" rel=\"noopener\">Drucker EPSON ET-2820 auf Amazon<\/a><br \/><iframe loading=\"lazy\" title=\"YouTube video player\" src=\"https:\/\/www.youtube-nocookie.com\/embed\/X0nu9x5c_GA\" width=\"560\" height=\"315\" frameborder=\"0\" allowfullscreen=\"allowfullscreen\" data-mce-fragment=\"1\"><\/iframe><\/p>\n<h3><a href=\"https:\/\/youtu.be\/Ov5dzCNsVA4\" target=\"_blank\" rel=\"noopener\">Instruction Video Canvas Workspace direkt in YouTube aufrufen<\/a><\/h3>\n<p><a href=\"https:\/\/amzn.to\/4j0h6uh\" target=\"_blank\" rel=\"noopener\">Brother CM 300 Schneidemaschine auf Amazon<\/a><br \/><iframe loading=\"lazy\" title=\"YouTube video player\" src=\"https:\/\/www.youtube-nocookie.com\/embed\/Ov5dzCNsVA4?si=0Nel5xDj639cRZOn\" width=\"560\" height=\"315\" frameborder=\"0\" allowfullscreen=\"allowfullscreen\"><\/iframe><\/p>\n<h3><a href=\"https:\/\/youtu.be\/1OLX_FSpkUg\" target=\"_blank\" rel=\"noopener\">Instruction Video Cricut Designspace direkt in YouTube aufrufen<\/a><\/h3>\n<p><a href=\"https:\/\/amzn.to\/4gDzYhd\" target=\"_blank\" rel=\"noopener\">Cricut Maker Schneidemaschine auf Amazon<\/a><br \/><a href=\"https:\/\/amzn.to\/4acqV4n\" target=\"_blank\" rel=\"noopener\">Cricut Maker Falzrad auf Amazon<\/a><\/p>\n<p><iframe loading=\"lazy\" title=\"YouTube video player\" src=\"https:\/\/www.youtube.com\/embed\/1OLX_FSpkUg?si=eUFmUnr83ozlm7bx\" width=\"560\" height=\"315\" frameborder=\"0\" allowfullscreen=\"allowfullscreen\" data-mce-fragment=\"1\"><\/iframe><\/p>\n<p><iframe loading=\"lazy\" title=\"YouTube video player\" src=\"https:\/\/www.youtube.com\/embed\/aD6ZmGybOqc?si=iJq-GVWRxn1YD0AJ\" width=\"560\" height=\"315\" frameborder=\"0\" allowfullscreen=\"allowfullscreen\" data-mce-fragment=\"1\"><\/iframe><\/p>\n<h3><a href=\"https:\/\/youtu.be\/ROAsFhoTa8w\" target=\"_blank\" rel=\"noopener\">Silhouette Studio &#8211; Papierteile plotten-Video direkt in YouTube aufrufen<\/a><\/h3>\n<p><iframe loading=\"lazy\" title=\"YouTube video player\" src=\"https:\/\/www.youtube.com\/embed\/ROAsFhoTa8w?si=ptptiG1GeTbjrPuP\" width=\"560\" height=\"315\" frameborder=\"0\" allowfullscreen=\"allowfullscreen\" data-mce-fragment=\"1\"><\/iframe><\/p>\n<ul>\n<li><a href=\"https:\/\/mediendesign-moser.at\/shop\/?page_id=13813\" target=\"_blank\" rel=\"noopener\">Allgemeine Anleitungen (\u00e4hnliche Vorgehensweise f\u00fcr alle Plottermarken)<\/a><\/li>\n<li><a href=\"https:\/\/mediendesign-moser.at\/shop\/?page_id=6407\" rel=\"noopener\">Anleitungen f\u00fcr Silhouette Schneideger\u00e4te<\/a><\/li>\n<li><a href=\"https:\/\/mediendesign-moser.at\/shop\/?page_id=6459\">Anleitungen f\u00fcr Cricut Schneideger\u00e4te<\/a><\/li>\n<li><a href=\"https:\/\/mediendesign-moser.at\/shop\/?page_id=6508\">Anleitungen f\u00fcr Brother ScanNCut Schneideger\u00e4te<\/a><\/li>\n<\/ul><p><\/p>","protected":false},"excerpt":{"rendered":"<p>In diesem Bereich m\u00f6chte ich Anleitungen und Anleitungsvideos f\u00fcr das Verwenden meiner Schneide Dateien, sowie auch allgemeine Anleitungsvideos zu Schneide Maschinen zur Verf\u00fcgung stellen. Wenn du noch nie mit meinen Dateien gearbeitet hast, bitte schaue dir das zu deiner Schneidemaschine bzw. Schneidemaschinen-Software passende Video an. Video Bastelbogen h\u00e4ndisch ausschneiden direkt in YouTube aufrufen Drucker EPSON [&hellip;]<\/p>\n","protected":false},"author":1,"featured_media":0,"parent":0,"menu_order":0,"comment_status":"closed","ping_status":"closed","template":"","meta":{"om_disable_all_campaigns":false,"_monsterinsights_skip_tracking":false,"_monsterinsights_sitenote_active":false,"_monsterinsights_sitenote_note":"","_monsterinsights_sitenote_category":0,"footnotes":""},"class_list":["post-6409","page","type-page","status-publish","hentry"],"aioseo_notices":[],"jetpack_sharing_enabled":true,"_links":{"self":[{"href":"https:\/\/mediendesign-moser.at\/shop\/index.php?rest_route=\/wp\/v2\/pages\/6409","targetHints":{"allow":["GET"]}}],"collection":[{"href":"https:\/\/mediendesign-moser.at\/shop\/index.php?rest_route=\/wp\/v2\/pages"}],"about":[{"href":"https:\/\/mediendesign-moser.at\/shop\/index.php?rest_route=\/wp\/v2\/types\/page"}],"author":[{"embeddable":true,"href":"https:\/\/mediendesign-moser.at\/shop\/index.php?rest_route=\/wp\/v2\/users\/1"}],"replies":[{"embeddable":true,"href":"https:\/\/mediendesign-moser.at\/shop\/index.php?rest_route=%2Fwp%2Fv2%2Fcomments&post=6409"}],"version-history":[{"count":38,"href":"https:\/\/mediendesign-moser.at\/shop\/index.php?rest_route=\/wp\/v2\/pages\/6409\/revisions"}],"predecessor-version":[{"id":26360,"href":"https:\/\/mediendesign-moser.at\/shop\/index.php?rest_route=\/wp\/v2\/pages\/6409\/revisions\/26360"}],"wp:attachment":[{"href":"https:\/\/mediendesign-moser.at\/shop\/index.php?rest_route=%2Fwp%2Fv2%2Fmedia&parent=6409"}],"curies":[{"name":"wp","href":"https:\/\/api.w.org\/{rel}","templated":true}]}}