{"id":6407,"date":"2020-07-05T19:05:41","date_gmt":"2020-07-05T17:05:41","guid":{"rendered":"https:\/\/mediendesign-moser.at\/shop\/?page_id=6407"},"modified":"2023-12-22T12:25:50","modified_gmt":"2023-12-22T11:25:50","slug":"dxf-dateien-mit-silhouette-verwenden","status":"publish","type":"page","link":"https:\/\/mediendesign-moser.at\/shop\/?page_id=6407","title":{"rendered":"&#8211; Silhouette Ger\u00e4te: Meine Plotterdateien in Silhouette Studio verwenden"},"content":{"rendered":"<p>Wenn du meine Plotterdateien verwenden m\u00f6chtest und mit einem Silhouette-Schneideger\u00e4t arbeitest, dann ist folgendes zu beachten:<\/p>\n<p>Ich empfehle, dass du mit der <span style=\"color: #ff0000;\">Silhouette Studio Designer Edition (oder h\u00f6her)<\/span> arbeitest. Dies ist ein Upgrade der Silhouette Studio Basis Software. Denn mit der beim Silhouette-Ger\u00e4t enthaltenen Gratis-Software kannst du leider keine SVG Dateien verwenden. Das Upgrade f\u00fcr die Designer-Edition (oder h\u00f6here Upgrades) erh\u00e4ltst du hier auf der Webseite von <a href=\"https:\/\/www.silhouetteamerica.com\/software\/ss#upgrade\" target=\"_blank\" rel=\"noopener\">Silhouette America<\/a><\/p>\n<ul>\n<li>Bei Verwendung von Silhouette Studio Basisversion &#8211; bitte meine DXF-Dateien verwenden<\/li>\n<li>Bei Verwendung von Silhouette Studio Designer Edition oder h\u00f6her &#8211; bitte meine SVG-Dateien verwenden<\/li>\n<\/ul>\n<hr \/>\n<p>Skalieren (Vergr\u00f6\u00dfern oder Verkleinern) meiner Plotterdateien<\/p>\n<p>In nachfolgendem Beispielvideo kannst du dir anhand des Beispiels f\u00fcr die <a href=\"https:\/\/mediendesign-moser.at\/shop\/?product=download-schneide-datei-fuer-puppenhaus\" target=\"_blank\" rel=\"noopener\">Puppenhaus-Datei<\/a> ansehen, wie man meine Dateien vergr\u00f6\u00dfert. Das Prinzip f\u00fcr die Skalierung gilt aber f\u00fcr ALLE meine Dateien &#8211; d.h. als Basis f\u00fcr den Vergr\u00f6\u00dferungsfaktor gilt immer der &#8220;gr\u00fcne Rahmen&#8221;, der in fast allen meinen Dateien enthalten ist.<br \/>\nAnleitungsvideo f\u00fcr die Vergr\u00f6\u00dferung der Puppenhaus Datei:<br \/>\n<iframe loading=\"lazy\" title=\"YouTube video player\" src=\"https:\/\/www.youtube.com\/embed\/ROAsFhoTa8w?si=ptptiG1GeTbjrPuP\" width=\"560\" height=\"315\" frameborder=\"0\" allowfullscreen=\"allowfullscreen\"><\/iframe><\/p>\n<hr \/>\n<p>Wenn du die Designer-Edition nicht erworben hast, kannst du von meinen Dateien nur die DXF-Datei-Version verwenden. Die DXF Dateien sind softwarebedingt bei der Verwendung leider wesentlich umkomfortabler anzuwenden als das bessere SVG Dateiformat.<\/p>\n<p>In dem folgenden Anleitungsvideo erkl\u00e4re ich, wie man die DXF-Dateien mit Silhouette-Studio verwendet:<\/p>\n<p><iframe loading=\"lazy\" src=\"https:\/\/www.youtube.com\/embed\/2-MrIr5hEZs\" width=\"560\" height=\"315\" frameborder=\"0\" allowfullscreen=\"allowfullscreen\"><\/iframe><\/p>\n<p>Weitere Anleitungen folgen<\/p>\n","protected":false},"excerpt":{"rendered":"<p>Wenn du meine Plotterdateien verwenden m\u00f6chtest und mit einem Silhouette-Schneideger\u00e4t arbeitest, dann ist folgendes zu beachten: Ich empfehle, dass du mit der Silhouette Studio Designer Edition (oder h\u00f6her) arbeitest. Dies ist ein Upgrade der Silhouette Studio Basis Software. Denn mit der beim Silhouette-Ger\u00e4t enthaltenen Gratis-Software kannst du leider keine SVG Dateien verwenden. Das Upgrade f\u00fcr [&hellip;]<\/p>\n","protected":false},"author":1,"featured_media":0,"parent":0,"menu_order":0,"comment_status":"closed","ping_status":"closed","template":"","meta":{"om_disable_all_campaigns":false,"_monsterinsights_skip_tracking":false,"_monsterinsights_sitenote_active":false,"_monsterinsights_sitenote_note":"","_monsterinsights_sitenote_category":0,"footnotes":""},"class_list":["post-6407","page","type-page","status-publish","hentry"],"aioseo_notices":[],"jetpack_sharing_enabled":true,"_links":{"self":[{"href":"https:\/\/mediendesign-moser.at\/shop\/index.php?rest_route=\/wp\/v2\/pages\/6407","targetHints":{"allow":["GET"]}}],"collection":[{"href":"https:\/\/mediendesign-moser.at\/shop\/index.php?rest_route=\/wp\/v2\/pages"}],"about":[{"href":"https:\/\/mediendesign-moser.at\/shop\/index.php?rest_route=\/wp\/v2\/types\/page"}],"author":[{"embeddable":true,"href":"https:\/\/mediendesign-moser.at\/shop\/index.php?rest_route=\/wp\/v2\/users\/1"}],"replies":[{"embeddable":true,"href":"https:\/\/mediendesign-moser.at\/shop\/index.php?rest_route=%2Fwp%2Fv2%2Fcomments&post=6407"}],"version-history":[{"count":13,"href":"https:\/\/mediendesign-moser.at\/shop\/index.php?rest_route=\/wp\/v2\/pages\/6407\/revisions"}],"predecessor-version":[{"id":22620,"href":"https:\/\/mediendesign-moser.at\/shop\/index.php?rest_route=\/wp\/v2\/pages\/6407\/revisions\/22620"}],"wp:attachment":[{"href":"https:\/\/mediendesign-moser.at\/shop\/index.php?rest_route=%2Fwp%2Fv2%2Fmedia&parent=6407"}],"curies":[{"name":"wp","href":"https:\/\/api.w.org\/{rel}","templated":true}]}}