{"id":23745,"date":"2024-04-24T12:44:31","date_gmt":"2024-04-24T10:44:31","guid":{"rendered":"https:\/\/mediendesign-moser.at\/shop\/?page_id=23745"},"modified":"2025-03-08T13:17:45","modified_gmt":"2025-03-08T12:17:45","slug":"living-earth-das-manifest-der-neuen-erde","status":"publish","type":"page","link":"https:\/\/mediendesign-moser.at\/shop\/?page_id=23745","title":{"rendered":"Living Earth &#8211; Das Manifest der neuen Erde"},"content":{"rendered":"<p>{Werbung}<\/p><p>Die Living Earth ist eine Community von Menschen, die zur positiven und fruchtbaren Ver\u00e4nderung auf der Erde aktiv beitragen.<\/p><p>Auch ich bin Mitglied bzw. Pionier auf der Living Earth, da ich nicht daran glaube, dass uns irgend jemand oder irgend ein System aus der aktuellen Lage retten wird. Wir m\u00fcssen die Dinge selbst in die Hand nehmen. Ein harmonisches Leben im Einklang mit der Natur ist m\u00f6glich! Daran glaube ich und wir alle m\u00fcssen uns aktiv an dieser Ver\u00e4nderung beteiligen.<\/p><p>Wenn auch du zu einem Pionier auf der Living Earth werden m\u00f6chtest, dann kannst du unter <a href=\"https:\/\/livingearth.one\/sign-up\/?r=EDoqViS0kugKINf1kY\" target=\"_blank\" rel=\"noopener\">diesem Link<\/a>&nbsp;dein Konto auf der Living Earth starten.<\/p><figure class=\"wp-block-image\"><a href=\"https:\/\/livingearth.one\/sign-up\/?r=EDoqViS0kugKINf1kY\"><img loading=\"lazy\" decoding=\"async\" width=\"300\" height=\"171\" src=\"https:\/\/mediendesign-moser.at\/shop\/wp-content\/uploads\/2024\/04\/living-earth-300x171.jpg\" alt=\"\" class=\"wp-image-23742\" srcset=\"https:\/\/mediendesign-moser.at\/shop\/wp-content\/uploads\/2024\/04\/living-earth-300x171.jpg 300w, https:\/\/mediendesign-moser.at\/shop\/wp-content\/uploads\/2024\/04\/living-earth.jpg 350w\" sizes=\"auto, (max-width: 300px) 100vw, 300px\" \/><\/a><\/figure><p><\/p><p><iframe loading=\"lazy\" title=\"YouTube video player\" src=\"https:\/\/www.youtube.com\/embed\/aclbc4hFRO8?si=UQQ0RUsPFcuIjBtJ\" width=\"560\" height=\"315\" frameborder=\"0\" allowfullscreen=\"allowfullscreen\"><\/iframe><\/p>","protected":false},"excerpt":{"rendered":"<p>{Werbung} Die Living Earth ist eine Community von Menschen, die zur positiven und fruchtbaren Ver\u00e4nderung auf der Erde aktiv beitragen. Auch ich bin Mitglied bzw. Pionier auf der Living Earth, da ich nicht daran glaube, dass uns irgend jemand oder irgend ein System aus der aktuellen Lage retten wird. Wir m\u00fcssen die Dinge selbst in [&hellip;]<\/p>\n","protected":false},"author":1,"featured_media":23742,"parent":0,"menu_order":0,"comment_status":"closed","ping_status":"closed","template":"","meta":{"om_disable_all_campaigns":false,"_monsterinsights_skip_tracking":false,"_monsterinsights_sitenote_active":false,"_monsterinsights_sitenote_note":"","_monsterinsights_sitenote_category":0,"footnotes":""},"class_list":["post-23745","page","type-page","status-publish","has-post-thumbnail","hentry"],"aioseo_notices":[],"jetpack_sharing_enabled":true,"_links":{"self":[{"href":"https:\/\/mediendesign-moser.at\/shop\/index.php?rest_route=\/wp\/v2\/pages\/23745","targetHints":{"allow":["GET"]}}],"collection":[{"href":"https:\/\/mediendesign-moser.at\/shop\/index.php?rest_route=\/wp\/v2\/pages"}],"about":[{"href":"https:\/\/mediendesign-moser.at\/shop\/index.php?rest_route=\/wp\/v2\/types\/page"}],"author":[{"embeddable":true,"href":"https:\/\/mediendesign-moser.at\/shop\/index.php?rest_route=\/wp\/v2\/users\/1"}],"replies":[{"embeddable":true,"href":"https:\/\/mediendesign-moser.at\/shop\/index.php?rest_route=%2Fwp%2Fv2%2Fcomments&post=23745"}],"version-history":[{"count":11,"href":"https:\/\/mediendesign-moser.at\/shop\/index.php?rest_route=\/wp\/v2\/pages\/23745\/revisions"}],"predecessor-version":[{"id":26363,"href":"https:\/\/mediendesign-moser.at\/shop\/index.php?rest_route=\/wp\/v2\/pages\/23745\/revisions\/26363"}],"wp:featuredmedia":[{"embeddable":true,"href":"https:\/\/mediendesign-moser.at\/shop\/index.php?rest_route=\/wp\/v2\/media\/23742"}],"wp:attachment":[{"href":"https:\/\/mediendesign-moser.at\/shop\/index.php?rest_route=%2Fwp%2Fv2%2Fmedia&parent=23745"}],"curies":[{"name":"wp","href":"https:\/\/api.w.org\/{rel}","templated":true}]}}