{"id":2320,"date":"2018-08-01T21:15:08","date_gmt":"2018-08-01T19:15:08","guid":{"rendered":"http:\/\/mediendesign-moser.at\/shop\/?page_id=2320"},"modified":"2018-08-01T21:21:08","modified_gmt":"2018-08-01T19:21:08","slug":"datenschutzerklaerung","status":"publish","type":"page","link":"https:\/\/mediendesign-moser.at\/shop\/?page_id=2320","title":{"rendered":"Datenschutzerkl\u00e4rung"},"content":{"rendered":"<p>Verantwortlich f\u00fcr die nachfolgend dargestellte Datenerhebung und Verarbeitung ist die im Impressum genannte Stelle.<\/p>\n<p>1. Automatisiert erhobene Daten<\/p>\n<p>Wir erheben die bei der Internetnutzung regelm\u00e4\u00dfig von deinem Browser automatisch an unseren Webserver \u00fcbermittelte Daten, wie z.B. IP-Adresse, URLs der Websiten, von der Du auf unsere Websites gelangt bist, den verwendeten Browser, Browsersprache, das verwendete Betriebssystem und die Art der Benutzeroberfl\u00e4che, das Zugangsger\u00e4t, Datum und Uhrzeit des Zugangs, die aufgerufenen Seiten unserer Websites und die Zeitspanne (Dauer), die Du auf unseren Websites verbringst.<\/p>\n<p>2. Von Dir mitgeteilte Daten, Kontoregistrierung, \u00a0Datenverarbeitung bei Transaktionen<\/p>\n<p>Damit wir dir unsere Leistungen anbieten k\u00f6nnen, ben\u00f6tigen wir verschiedene Daten:<\/p>\n<p>Bei Deiner\u00a0Registrierung\u00a0erheben wir Deine\u00a0Stammdaten\u00a0(Mitgliedsname, Vor- und Nachname, E-Mail-Adresse, Passwort). \u00dcber einen Benutzernamen kannst Du unsere Internetplattform nutzen. Wenn Du Dich entscheidest, bei Mediendesign Moser eine Bestellung aufzugeben, erheben wir auch Deine Rechnungs- und Lieferanschrift.<\/p>\n<p>Zu den einzelnen Angeboten werden von uns die jeweiligen\u00a0Nutzungs- und Transaktionsdaten\u00a0erhoben (was wurde gekauft, Beteiligte, Zahlungs- und Rechnungsdaten, etc.).<\/p>\n<p>Dar\u00fcber hinaus haben registrierte Mitglieder die M\u00f6glichkeit,\u00a0freiwillig optionale Daten\u00a0anzugeben (z.B. pers\u00f6nliche Interessen oder Vorlieben, Fotos (z.B. Profilbild), Geburtsdatum und andere biographische Daten, Einstellungen f\u00fcr Benachrichtigungen oder Newsletter, empfohlene oder gemerkte Produkte, Nachrichten, Blogkommentare, etc.).<\/p>\n<p>Wir bewahren deine Stammdaten und die mit deinem Mitgliedskonto verkn\u00fcpften Daten so lange auf, wie Du Dein Mitgliedskonto bei uns aufrecht erh\u00e4ltst. Entscheidest Du Dich zur L\u00f6schung Deines Mitgliedskontos, werden die Daten f\u00fcr einen Zeitraum von zwei Jahren archiviert. Unabh\u00e4ngig davon speichern wir Transaktionsdaten (d.h. Daten \u00fcber Kauf- bzw. Verkaufsvorg\u00e4nge) f\u00fcr einen Zeitraum von drei Jahren und bewahren danach die nach Handels- und Steuerrecht erforderlichen Informationen f\u00fcr die gesetzlich bestimmten Zeitr\u00e4ume auf.<\/p>\n<p>Von Dir ver\u00f6ffentlichte Informationen wie z.B. Kommentare bleiben auch nach L\u00f6schung Deines Mitgliedskontos bestehen, damit insbesondere Diskussionen nachvollziehbar bleiben.<\/p>\n<p>3. Datenempf\u00e4nger<\/p>\n<p>Wir \u00fcbermitteln deine Daten, die du uns im Rahmen einer Bestellung mitgeteilt hast, nur an Dritte (z. B. an Kreditinstitute zur Zahlungsabwicklung, an Dienstleister zur Bonit\u00e4tspr\u00fcfung, an Dienstleister zur Durchsetzung offener Forderungen, an Transportunternehmen), sofern eine datenschutzrechtliche \u00dcbermittlungsbefugnis besteht.<\/p>\n<p>Wir werden deine personenbezogenen Daten weder an Dritte verkaufen noch anderweitig vermarkten.<\/p>\n<p>4. Cookies<\/p>\n<p>Auf unseren Webseiten nutzen wir Cookies. Cookies sind kleine Textdateien, die auf deinem Endger\u00e4t gespeichert und ausgelesen werden k\u00f6nnen. Man unterscheidet zwischen Session-Cookies, die wieder gel\u00f6scht werden, sobald du deinen Browser schlie\u00dft und permanenten Cookies, die \u00fcber die einzelne Sitzung hinaus gespeichert werden. Cookies k\u00f6nnen Daten enthalten, die eine Wiedererkennung des genutzten Ger\u00e4ts m\u00f6glich machen. Teilweise enthalten Cookies aber auch lediglich Informationen zu bestimmten Einstellungen, die nicht personenbezogen sind.<\/p>\n<p>Wir nutzen auf unseren Webseiten Session-Cookies und permanente Cookies um die Benutzerf\u00fchrung zu optimieren bzw. zu erm\u00f6glichen und die Darstellung der Webseite anzupassen.<\/p>\n<p>Du kannst deinen Browser so einstellen, dass er dich \u00fcber die Platzierung von Cookies informiert. Du kannst der Verarbeitung jederzeit widersprechen und die Cookies au\u00dferdem jederzeit \u00fcber die entsprechende Browsereinstellung l\u00f6schen und das Setzen neuer Cookies verhindern. In diesem Fall ist es jedoch m\u00f6glich, dass unsere Webseite dann unter Umst\u00e4nden nicht optimal angezeigt wird und einige Funktionen nicht mehr zur Verf\u00fcgung stehen.<\/p>\n<p>5. Google Analytics<\/p>\n<p>Zur bedarfsgerechten Gestaltung unserer Website erstellen wir pseudonyme Nutzungsprofile mit Hilfe von Google Analytics. Google Analytics verwendet Cookies, die auf deinem Endger\u00e4t gespeichert und von uns ausgelesen werden k\u00f6nnen. Auf diese Weise sind wir in der Lage, wiederkehrende Besucher zu erkennen und als solche zu z\u00e4hlen.<\/p>\n<p>Die durch das Cookie erzeugten Informationen \u00fcber deine Benutzung dieser Website werden in der Regel an einen Server von Google in den USA \u00fcbertragen und dort gespeichert.<\/p>\n<p>Du kannst der Verarbeitung jederzeit widersprechen. Bitte nutze hierf\u00fcr eine der folgenden M\u00f6glichkeiten:<\/p>\n<p>1.) Speicherung der Cookies durch eine entsprechende Einstellung in der Browser-Software verhindern &#8211; jedoch weisen wir darauf hin, dass in diesem Fall unter Umst\u00e4nden nicht s\u00e4mtliche Funktionen unserer Website genutzt werden k\u00f6nnen.<\/p>\n<p>2.) Du kannst dar\u00fcber hinaus die Erfassung der durch das Cookie erzeugten und auf Ihre Nutzung der Website bezogenen Daten (inkl. Ihrer IP-Adresse) an Google sowie die Verarbeitung dieser Daten durch Google verhindern, indem du das unter dem folgenden Link (<a title=\"https:\/\/tools.google.com\/dlpage\/gaoptout?hl=de\" href=\"https:\/\/tools.google.com\/dlpage\/gaoptout?hl=de\" target=\"_blank\" rel=\"noopener\">https:\/\/tools.google.com\/dlpage\/gaoptout?hl=de<\/a>) verf\u00fcgbare Browser-Plugin herunterladen und installierst.<\/p>\n<p>6. Newsletter<\/p>\n<p>Wir bieten dir auf unserer Internetseite die gesonderte M\u00f6glichkeit, unseren Newsletter zu bestellen.<br \/>\nDu kannst deine Newsletter-Einwilligung \u00a0jederzeit widerrufen, ohne dass dies die Rechtm\u00e4\u00dfigkeit der bisher erfolgten Verarbeitung ber\u00fchrt. Wenn die Einwilligung widerrufen wird, stellen wir die entsprechende Newsletter-Datenverarbeitung ein.\u00a0Du kannst den Newsletter jederzeit abbestellen indem du den Link zur Abbestellung des Newsletters anklickst.<\/p>\n<p>7. Kontaktformular<\/p>\n<p>Du hast die M\u00f6glichkeit, mit uns \u00fcber ein Webformular in Kontakt zu treten. Zur Nutzung unseres Kontaktformulars ben\u00f6tigen wir deinen Namen und deine E-Mail-Adresse.<\/p>\n<p>8. Social Plugins<\/p>\n<p>Wir verwenden auf unserer Website sogenannte \u201eSocial Plugins\u201c der folgenden Social-Media-Anbieter: Pinterest, Facebook, Twitter, Google+.<br \/>\nWir nutzen dabei die sog. Zwei-Klick-L\u00f6sung. Das hei\u00dft, wenn du unsere Seite besuchst, werden zun\u00e4chst keine personenbezogenen Daten an die Anbieter der Plug-ins weitergegeben. Den Anbieter des Plug-ins erkennst du \u00fcber das \u00a0jeweilige Logo. Wir er\u00f6ffnen dir die M\u00f6glichkeit, \u00fcber den Button direkt mit dem Anbieter des Plug-ins zu kommunizieren.\u00a0Nur wenn du auf das markierte Feld klickst, erh\u00e4lt der Plug-in-Anbieter die Information, dass du die entsprechende Website unseres Online-Angebots aufgerufen hast. Zudem werden erforderliche Daten von deinem Browser an den Anbieter \u00fcbermittelt. Soweit du zu diesem Zeitpunkt beim jeweiligen Social-Media-Anbieter angemeldet und eingeloggt bist, kann dieser ggf. den Besuch unserer Website und deine Interaktion mit dem Social Plugin (z.B. Klicken des \u201eTeilen\u201c-Buttons) deinem Benutzerprofil (z.B. deinem Pinterest-Account) zuordnen.<\/p>\n<p>9. Widerspruchsrecht :<\/p>\n<p>Du hast das Recht, jederzeit gegen die Verarbeitung Deiner personenbezogenen Daten, die auf Grundlage von Art. 6 Abs. 1f DSGVO erfolgt, Widerspruch einzulegen (Art. 21 Abs. 1 DSGVO).<\/p>\n<p>Soweit wir Deine personenbezogenen Daten gem\u00e4\u00df Art. 6 Abs. 1f DSGVO f\u00fcr Zwecke der Direktwerbung verarbeiten, hast Du das Recht, jederzeit auch ohne Angabe von Gr\u00fcnden dagegen Widerspruch einzulegen (Art. 21 Abs. 2 DSGVO).<\/p>\n<p>10. Beschwerderecht bei einer Aufsichtsbeh\u00f6rde<\/p>\n<p>Du hast gem. Art. 77 DSGVO das Recht auf Beschwerde bei einer Aufsichtsbeh\u00f6rde, wenn du der Ansicht bist, dass die Verarbeitung der Sie betreffenden Daten gegen datenschutzrechtliche Bestimmungen verst\u00f6\u00dft.<\/p>\n<p>11. Kontaktaufnahme zu Fragen bez\u00fcglich unseres Datenschutzes:<br \/>\ndatenschutz@mediendesign-moser.at<\/p>\n<p>&nbsp;<\/p>\n","protected":false},"excerpt":{"rendered":"<p>Verantwortlich f\u00fcr die nachfolgend dargestellte Datenerhebung und Verarbeitung ist die im Impressum genannte Stelle. 1. Automatisiert erhobene Daten Wir erheben die bei der Internetnutzung regelm\u00e4\u00dfig von deinem Browser automatisch an unseren Webserver \u00fcbermittelte Daten, wie z.B. IP-Adresse, URLs der Websiten, von der Du auf unsere Websites gelangt bist, den verwendeten Browser, Browsersprache, das verwendete Betriebssystem [&hellip;]<\/p>\n","protected":false},"author":1,"featured_media":0,"parent":0,"menu_order":0,"comment_status":"closed","ping_status":"closed","template":"","meta":{"om_disable_all_campaigns":false,"_monsterinsights_skip_tracking":false,"_monsterinsights_sitenote_active":false,"_monsterinsights_sitenote_note":"","_monsterinsights_sitenote_category":0,"footnotes":""},"class_list":["post-2320","page","type-page","status-publish","hentry"],"aioseo_notices":[],"jetpack_sharing_enabled":true,"_links":{"self":[{"href":"https:\/\/mediendesign-moser.at\/shop\/index.php?rest_route=\/wp\/v2\/pages\/2320","targetHints":{"allow":["GET"]}}],"collection":[{"href":"https:\/\/mediendesign-moser.at\/shop\/index.php?rest_route=\/wp\/v2\/pages"}],"about":[{"href":"https:\/\/mediendesign-moser.at\/shop\/index.php?rest_route=\/wp\/v2\/types\/page"}],"author":[{"embeddable":true,"href":"https:\/\/mediendesign-moser.at\/shop\/index.php?rest_route=\/wp\/v2\/users\/1"}],"replies":[{"embeddable":true,"href":"https:\/\/mediendesign-moser.at\/shop\/index.php?rest_route=%2Fwp%2Fv2%2Fcomments&post=2320"}],"version-history":[{"count":4,"href":"https:\/\/mediendesign-moser.at\/shop\/index.php?rest_route=\/wp\/v2\/pages\/2320\/revisions"}],"predecessor-version":[{"id":2325,"href":"https:\/\/mediendesign-moser.at\/shop\/index.php?rest_route=\/wp\/v2\/pages\/2320\/revisions\/2325"}],"wp:attachment":[{"href":"https:\/\/mediendesign-moser.at\/shop\/index.php?rest_route=%2Fwp%2Fv2%2Fmedia&parent=2320"}],"curies":[{"name":"wp","href":"https:\/\/api.w.org\/{rel}","templated":true}]}}