{"id":2317,"date":"2018-08-01T20:12:11","date_gmt":"2018-08-01T18:12:11","guid":{"rendered":"http:\/\/mediendesign-moser.at\/shop\/?page_id=2317"},"modified":"2018-08-01T20:12:11","modified_gmt":"2018-08-01T18:12:11","slug":"widerrufsbelehrung-fuer-digitale-waren","status":"publish","type":"page","link":"https:\/\/mediendesign-moser.at\/shop\/?page_id=2317","title":{"rendered":"Widerrufsbelehrung f\u00fcr digitale Waren"},"content":{"rendered":"<p>Mit Durchf\u00fchrung des Downloads und Erhalt der digitalen Datei(en) stimmt der K\u00e4ufer zu, dass er durch die Ausf\u00fchrung des Vertrages sein Widerrufsrecht verliert.<\/p>\n<p>Das Widerrufsrecht gilt NICHT f\u00fcr virtuelle Waren wie z.B. eBooks, Schneidplotterdateien, Druckdateien f\u00fcr Digitalpapier, Grafiken, digitale Fotos, Videodateien und jede Form von sonstigen virtuellen Produkten und per eMail versandte Waren sobald zahlungspflichtig bestellt und die Datei per eMail an den K\u00e4ufer versandt wurde oder der Kunde den Download abgerufen hat.<br \/>\nMit Durchf\u00fchrung des Downloads bzw. Erhalt der gekauften digitalen Datei stimmt der K\u00e4ufer zu, dass er durch die Ausf\u00fchrung des Vertrages sein Widerrufsrecht verliert.<\/p>\n","protected":false},"excerpt":{"rendered":"<p>Mit Durchf\u00fchrung des Downloads und Erhalt der digitalen Datei(en) stimmt der K\u00e4ufer zu, dass er durch die Ausf\u00fchrung des Vertrages sein Widerrufsrecht verliert. Das Widerrufsrecht gilt NICHT f\u00fcr virtuelle Waren wie z.B. eBooks, Schneidplotterdateien, Druckdateien f\u00fcr Digitalpapier, Grafiken, digitale Fotos, Videodateien und jede Form von sonstigen virtuellen Produkten und per eMail versandte Waren sobald zahlungspflichtig [&hellip;]<\/p>\n","protected":false},"author":1,"featured_media":0,"parent":0,"menu_order":0,"comment_status":"closed","ping_status":"closed","template":"","meta":{"om_disable_all_campaigns":false,"_monsterinsights_skip_tracking":false,"_monsterinsights_sitenote_active":false,"_monsterinsights_sitenote_note":"","_monsterinsights_sitenote_category":0,"footnotes":""},"class_list":["post-2317","page","type-page","status-publish","hentry"],"aioseo_notices":[],"jetpack_sharing_enabled":true,"_links":{"self":[{"href":"https:\/\/mediendesign-moser.at\/shop\/index.php?rest_route=\/wp\/v2\/pages\/2317","targetHints":{"allow":["GET"]}}],"collection":[{"href":"https:\/\/mediendesign-moser.at\/shop\/index.php?rest_route=\/wp\/v2\/pages"}],"about":[{"href":"https:\/\/mediendesign-moser.at\/shop\/index.php?rest_route=\/wp\/v2\/types\/page"}],"author":[{"embeddable":true,"href":"https:\/\/mediendesign-moser.at\/shop\/index.php?rest_route=\/wp\/v2\/users\/1"}],"replies":[{"embeddable":true,"href":"https:\/\/mediendesign-moser.at\/shop\/index.php?rest_route=%2Fwp%2Fv2%2Fcomments&post=2317"}],"version-history":[{"count":1,"href":"https:\/\/mediendesign-moser.at\/shop\/index.php?rest_route=\/wp\/v2\/pages\/2317\/revisions"}],"predecessor-version":[{"id":2318,"href":"https:\/\/mediendesign-moser.at\/shop\/index.php?rest_route=\/wp\/v2\/pages\/2317\/revisions\/2318"}],"wp:attachment":[{"href":"https:\/\/mediendesign-moser.at\/shop\/index.php?rest_route=%2Fwp%2Fv2%2Fmedia&parent=2317"}],"curies":[{"name":"wp","href":"https:\/\/api.w.org\/{rel}","templated":true}]}}