{"id":13813,"date":"2022-01-07T19:26:46","date_gmt":"2022-01-07T18:26:46","guid":{"rendered":"https:\/\/mediendesign-moser.at\/shop\/?page_id=13813"},"modified":"2023-12-22T12:36:55","modified_gmt":"2023-12-22T11:36:55","slug":"allgemeine-anleitungen","status":"publish","type":"page","link":"https:\/\/mediendesign-moser.at\/shop\/?page_id=13813","title":{"rendered":"&#8211; Allgemeine Anleitungen"},"content":{"rendered":"<p>Bei diesen Anleitungen ist die Vorgehensweise bei allen Plottermarken sehr \u00e4hnlich. Deshalb dienen diese Dokumente als Hilfestellung f\u00fcr alle Ger\u00e4temarken.<\/p>\n<ul>\n<li>Vinylfolie verwenden \/ schneiden und auf den gew\u00fcnschten Untergrund \u00fcbertragen &#8230;&#8230; <a href=\"https:\/\/mediendesign-moser.at\/shop\/wp-content\/uploads\/2022\/01\/de-ALLPL30-Texte-schneiden-mit-Vinyl.pdf\" target=\"_blank\" rel=\"noopener\">deutsch<\/a> \/ <a href=\"https:\/\/mediendesign-moser.at\/shop\/wp-content\/uploads\/2022\/01\/en-ALLPL30-Cut-Text-with-Vinyl.pdf\" target=\"_blank\" rel=\"noopener\">english<\/a><\/li>\n<\/ul>\n<hr \/>\n<h2>Skalieren (Vergr\u00f6\u00dfern oder Verkleinern) meiner Plotterdateien<\/h2>\n<p>In nachfolgendem Beispielvideo kannst du dir anhand des Beispiels f\u00fcr die <a href=\"https:\/\/mediendesign-moser.at\/shop\/?product=download-schneide-datei-fuer-puppenhaus\" target=\"_blank\" rel=\"noopener\">Puppenhaus-Datei<\/a> ansehen, wie man meine Dateien vergr\u00f6\u00dfert. Das Prinzip f\u00fcr die Skalierung gilt aber f\u00fcr ALLE meine Dateien &#8211; d.h. als Basis f\u00fcr den Vergr\u00f6\u00dferungsfaktor gilt immer der &#8220;gr\u00fcne Rahmen&#8221;, der in fast allen meinen Dateien enthalten ist.<br \/>\nAnleitungsvideo f\u00fcr die Vergr\u00f6\u00dferung der Puppenhaus Datei:<br \/>\n<iframe loading=\"lazy\" title=\"YouTube video player\" src=\"https:\/\/www.youtube.com\/embed\/ROAsFhoTa8w?si=ptptiG1GeTbjrPuP\" width=\"560\" height=\"315\" frameborder=\"0\" allowfullscreen=\"allowfullscreen\"><\/iframe><\/p>\n","protected":false},"excerpt":{"rendered":"<p>Bei diesen Anleitungen ist die Vorgehensweise bei allen Plottermarken sehr \u00e4hnlich. Deshalb dienen diese Dokumente als Hilfestellung f\u00fcr alle Ger\u00e4temarken. Vinylfolie verwenden \/ schneiden und auf den gew\u00fcnschten Untergrund \u00fcbertragen &#8230;&#8230; deutsch \/ english Skalieren (Vergr\u00f6\u00dfern oder Verkleinern) meiner Plotterdateien In nachfolgendem Beispielvideo kannst du dir anhand des Beispiels f\u00fcr die Puppenhaus-Datei ansehen, wie man [&hellip;]<\/p>\n","protected":false},"author":1,"featured_media":0,"parent":0,"menu_order":0,"comment_status":"closed","ping_status":"closed","template":"","meta":{"om_disable_all_campaigns":false,"_monsterinsights_skip_tracking":false,"_monsterinsights_sitenote_active":false,"_monsterinsights_sitenote_note":"","_monsterinsights_sitenote_category":0,"footnotes":""},"class_list":["post-13813","page","type-page","status-publish","hentry"],"aioseo_notices":[],"jetpack_sharing_enabled":true,"_links":{"self":[{"href":"https:\/\/mediendesign-moser.at\/shop\/index.php?rest_route=\/wp\/v2\/pages\/13813","targetHints":{"allow":["GET"]}}],"collection":[{"href":"https:\/\/mediendesign-moser.at\/shop\/index.php?rest_route=\/wp\/v2\/pages"}],"about":[{"href":"https:\/\/mediendesign-moser.at\/shop\/index.php?rest_route=\/wp\/v2\/types\/page"}],"author":[{"embeddable":true,"href":"https:\/\/mediendesign-moser.at\/shop\/index.php?rest_route=\/wp\/v2\/users\/1"}],"replies":[{"embeddable":true,"href":"https:\/\/mediendesign-moser.at\/shop\/index.php?rest_route=%2Fwp%2Fv2%2Fcomments&post=13813"}],"version-history":[{"count":3,"href":"https:\/\/mediendesign-moser.at\/shop\/index.php?rest_route=\/wp\/v2\/pages\/13813\/revisions"}],"predecessor-version":[{"id":22622,"href":"https:\/\/mediendesign-moser.at\/shop\/index.php?rest_route=\/wp\/v2\/pages\/13813\/revisions\/22622"}],"wp:attachment":[{"href":"https:\/\/mediendesign-moser.at\/shop\/index.php?rest_route=%2Fwp%2Fv2%2Fmedia&parent=13813"}],"curies":[{"name":"wp","href":"https:\/\/api.w.org\/{rel}","templated":true}]}}